{"id":2,"date":"2022-05-03T21:20:44","date_gmt":"2022-05-03T21:20:44","guid":{"rendered":"http:\/\/www.pierwszykrok.info\/?page_id=2"},"modified":"2024-02-18T13:27:27","modified_gmt":"2024-02-18T13:27:27","slug":"metody-pracy","status":"publish","type":"page","link":"https:\/\/www.pierwszykrok.info\/index.php\/metody-pracy\/","title":{"rendered":"Metody"},"content":{"rendered":"\n<p><strong>W gabinecie ,,Pierwszy Krok,, jest szeroka dost\u0119pno\u015b\u0107 technik terapii opartych na certyfikowanych metodach i koncepcjach. Wiedza teoretyczna i praktyczna jest systematycznie aktualizowana przez szkolenia stacjonarne lub webinary. Jako\u015b\u0107 us\u0142ug jest kompleksowa i profesjonalna, a podej\u015bcie do pacjent\u00f3w holistyczne.<\/strong><\/p>\n\n\n\n<p><strong>Zapraszam do zapoznania si\u0119 z ofert\u0105 fizjoterapeutyczn\u0105:<\/strong><\/p>\n\n\n\n<ul><li>Terapia NDT \u2013 Bobath dla dzieci<\/li><li>Ocena neurorozwojowa niemowl\u0105t \u2013 wczesna interwencja<\/li><li>Ocena postawy cia\u0142a u dzieci wg. poznanych metod<\/li><li>Terapia Czaszkowo \u2013 Krzy\u017cowa dla dzieci i doros\u0142ych<\/li><li>Terapia Czaszkowo \u2013 Krzy\u017cowa dla niemowl\u0105t<\/li><li>Terapia ZOGA dla niemowl\u0105t<\/li><li>Niemowl\u0119ta \u2013 wizyta patrona\u017cowa<\/li><li>Diagnostyka HINE \u2013 standaryzowane badanie niemowl\u0105t<\/li><li>Terapia PNF dla dzieci<\/li><li>Terapia strukturalna czaszki<\/li><li>Kontakt wzrokowy z rozwojem psychomotorycznym w 1 roku \u017cycia<\/li><li>Terapia dziecka urodzonego przedwcze\u015bnie &#8211; online<\/li><li>Proces samoregulacji niemowl\u0105t &#8211; sensoryczny aspekt w rozwoju do 1 roku \u017cycia &#8211; online<\/li><li>Uk\u0142ad stomatognatyczny w pediatrii &#8211; online<\/li><li>Osteopatia pediatryczna w zaburzeniach uk\u0142adu pokarmowego dzieci<\/li><li>Osteopatyczne podej\u015bcie do badania noworodk\u00f3w i niemowl\u0105t &#8211; online<\/li><li>Kompleksowe podej\u015bcie w terapii pacjent\u00f3w ze skoliozami<\/li><li>Integracja Odruch\u00f3w wg. Masgutowej<\/li><li>Terapia Taktylna wg. Masgutowej<\/li><li>Kineziotaping dla dzieci i niemowl\u0105t<\/li><li>Masa\u017c Shantala dla niemowl\u0105t<\/li><li>Terapia r\u0119ki<\/li><li>Techniki Rossa Emmett\u2019a dla dzieci i doros\u0142ych<\/li><li>Tr\u00f3jwymiarowa manualna terapia st\u00f3p u dzieci<\/li><li>Idiopatyczne chodzenie na palcach<\/li><li>Tr\u00f3jwymiarowa terapia skolioz<\/li><li>Dob\u00f3r sensomotorycznych wk\u0142adek IGLI<\/li><li>Wzrok w fizjoterapii pediatrycznej &#8211; online<\/li><li>Elementy Metody Padovan (modu\u0142 I)<\/li><li>Elementy Integracji Sensorycznej (modu\u0142 I)<\/li><\/ul>\n\n\n\n<p><\/p>\n","protected":false},"excerpt":{"rendered":"<p>W gabinecie ,,Pierwszy Krok,, jest szeroka dost\u0119pno\u015b\u0107 technik terapii opartych na certyfikowanych metodach i koncepcjach. Wiedza teoretyczna i praktyczna jest systematycznie aktualizowana przez szkolenia stacjonarne lub webinary. Jako\u015b\u0107 us\u0142ug jest kompleksowa i profesjonalna, a podej\u015bcie do pacjent\u00f3w holistyczne. Zapraszam do zapoznania si\u0119 z ofert\u0105 fizjoterapeutyczn\u0105: Terapia NDT \u2013 Bobath dla [&hellip;]<\/p>\n","protected":false},"author":1,"featured_media":70,"parent":0,"menu_order":0,"comment_status":"closed","ping_status":"closed","template":"page-templates\/template-fullwidth.php","meta":[],"_links":{"self":[{"href":"https:\/\/www.pierwszykrok.info\/index.php\/wp-json\/wp\/v2\/pages\/2"}],"collection":[{"href":"https:\/\/www.pierwszykrok.info\/index.php\/wp-json\/wp\/v2\/pages"}],"about":[{"href":"https:\/\/www.pierwszykrok.info\/index.php\/wp-json\/wp\/v2\/types\/page"}],"author":[{"embeddable":true,"href":"https:\/\/www.pierwszykrok.info\/index.php\/wp-json\/wp\/v2\/users\/1"}],"replies":[{"embeddable":true,"href":"https:\/\/www.pierwszykrok.info\/index.php\/wp-json\/wp\/v2\/comments?post=2"}],"version-history":[{"count":11,"href":"https:\/\/www.pierwszykrok.info\/index.php\/wp-json\/wp\/v2\/pages\/2\/revisions"}],"predecessor-version":[{"id":472,"href":"https:\/\/www.pierwszykrok.info\/index.php\/wp-json\/wp\/v2\/pages\/2\/revisions\/472"}],"wp:featuredmedia":[{"embeddable":true,"href":"https:\/\/www.pierwszykrok.info\/index.php\/wp-json\/wp\/v2\/media\/70"}],"wp:attachment":[{"href":"https:\/\/www.pierwszykrok.info\/index.php\/wp-json\/wp\/v2\/media?parent=2"}],"curies":[{"name":"wp","href":"https:\/\/api.w.org\/{rel}","templated":true}]}}